	 {"id":7654,"date":"2025-08-13T15:32:50","date_gmt":"2025-08-13T12:32:50","guid":{"rendered":"https:\/\/olikol.ee\/pyyda-tarjous\/"},"modified":"2025-08-18T13:22:49","modified_gmt":"2025-08-18T10:22:49","slug":"pyyda-tarjous","status":"publish","type":"page","link":"https:\/\/olikol.ee\/fi\/pyyda-tarjous\/","title":{"rendered":"Pyyd\u00e4 tarjous"},"content":{"rendered":"\t\t<div data-elementor-type=\"wp-page\" data-elementor-id=\"7654\" class=\"elementor elementor-7654 elementor-35\">\n\t\t\t\t<div class=\"elementor-element elementor-element-f969415 e-flex e-con-boxed e-con e-parent\" data-id=\"f969415\" data-element_type=\"container\" data-settings=\"{&quot;background_background&quot;:&quot;classic&quot;}\">\n\t\t\t\t\t<div class=\"e-con-inner\">\n\t\t<div class=\"elementor-element elementor-element-9533cbe e-con-full e-flex e-con e-child\" data-id=\"9533cbe\" data-element_type=\"container\" data-settings=\"{&quot;background_background&quot;:&quot;classic&quot;}\">\n\t\t<div class=\"elementor-element elementor-element-17bb9b4 e-con-full e-flex e-con e-child\" data-id=\"17bb9b4\" data-element_type=\"container\">\n\t\t \t\t<div class=\"elementor-element elementor-element-f50016e elementor-absolute elementor-view-default elementor-widget elementor-widget-icon\" data-id=\"f50016e\" data-element_type=\"widget\" data-settings=\"{&quot;_position&quot;:&quot;absolute&quot;,&quot;motion_fx_motion_fx_scrolling&quot;:&quot;yes&quot;,&quot;motion_fx_translateX_effect&quot;:&quot;yes&quot;,&quot;motion_fx_translateX_speed&quot;:{&quot;unit&quot;:&quot;px&quot;,&quot;size&quot;:1.5,&quot;sizes&quot;:[]},&quot;motion_fx_translateX_affectedRange&quot;:{&quot;unit&quot;:&quot;%&quot;,&quot;size&quot;:&quot;&quot;,&quot;sizes&quot;:{&quot;start&quot;:0,&quot;end&quot;:100}},&quot;motion_fx_devices&quot;:[&quot;desktop&quot;,&quot;laptop&quot;,&quot;tablet_extra&quot;,&quot;tablet&quot;,&quot;mobile_extra&quot;,&quot;mobile&quot;]}\" data-widget_type=\"icon.default\">\n\t\t\t\t<div class=\"elementor-widget-container\">\n\t\t\t\t\t\t\t<div class=\"elementor-icon-wrapper\">\n\t\t\t<div class=\"elementor-icon\">\n\t\t\t\t\t\t<\/div>\n\t\t<\/div>\n\t\t\t\t\t\t<\/div>\n\t\t\t\t<\/div>\n\t\t\t\t<div class=\"elementor-element elementor-element-5a52a97 elementor-widget__width-auto elementor-absolute elementor-view-default elementor-widget elementor-widget-icon\" data-id=\"5a52a97\" data-element_type=\"widget\" data-settings=\"{&quot;_position&quot;:&quot;absolute&quot;,&quot;motion_fx_motion_fx_scrolling&quot;:&quot;yes&quot;,&quot;motion_fx_translateY_effect&quot;:&quot;yes&quot;,&quot;motion_fx_translateY_direction&quot;:&quot;negative&quot;,&quot;motion_fx_translateY_speed&quot;:{&quot;unit&quot;:&quot;px&quot;,&quot;size&quot;:1.1999999999999999555910790149937383830547332763671875,&quot;sizes&quot;:[]},&quot;motion_fx_translateY_affectedRange&quot;:{&quot;unit&quot;:&quot;%&quot;,&quot;size&quot;:&quot;&quot;,&quot;sizes&quot;:{&quot;start&quot;:0,&quot;end&quot;:100}},&quot;motion_fx_devices&quot;:[&quot;desktop&quot;,&quot;laptop&quot;,&quot;tablet_extra&quot;,&quot;tablet&quot;,&quot;mobile_extra&quot;,&quot;mobile&quot;]}\" data-widget_type=\"icon.default\">\n\t\t\t\t<div class=\"elementor-widget-container\">\n\t\t\t\t\t\t\t<div class=\"elementor-icon-wrapper\">\n\t\t\t<div class=\"elementor-icon\">\n\t\t\t\t\t\t<\/div>\n\t\t<\/div>\n\t\t\t\t\t\t<\/div>\n\t\t\t\t<\/div>\n\t\t\t\t<div class=\"elementor-element elementor-element-54aba7f subtitle-position-above elementor-mobile_extra-align-center elementor-widget elementor-widget-antra-heading\" data-id=\"54aba7f\" data-element_type=\"widget\" data-widget_type=\"antra-heading.default\">\n\t\t\t\t<div class=\"elementor-widget-container\">\n\t\t\t\t\t<div class=\"elementor-heading-wrapper-inner\"><div class=\"elementor-sub-title\"><span class=\"elementor-title-span\">                <span class=\"elementor-button-icon antra-subtitle-icon-left\">\n                    <i aria-hidden=\"true\" class=\"antra-icon- antra-icon-dot\"><\/i>                <\/span>\n                Ota yhteytt\u00e4<\/span><\/div><\/div>\t\t\t\t<\/div>\n\t\t\t\t<\/div>\n\t\t\t\t<\/div>\n\t\t<div class=\"elementor-element elementor-element-4516dc9 e-con-full e-flex e-con e-child\" data-id=\"4516dc9\" data-element_type=\"container\">\n\t\t\t\t<div class=\"elementor-element elementor-element-a242196 elementor-widget__width-initial elementor-widget elementor-widget-heading\" data-id=\"a242196\" data-element_type=\"widget\" data-widget_type=\"heading.default\">\n\t\t\t\t<div class=\"elementor-widget-container\">\n\t\t\t\t\t<h2 data-cursor=\"-opaque\" class=\"elementor-heading-title elementor-size-default\">Olikol <span class=\"c-primary\">O\u00dc<\/span><\/h2>\t\t\t\t<\/div>\n\t\t\t\t<\/div>\n\t\t\t\t<div class=\"elementor-element elementor-element-7e9cb08 elementor-widget elementor-widget-heading\" data-id=\"7e9cb08\" data-element_type=\"widget\" data-widget_type=\"heading.default\">\n\t\t\t\t<div class=\"elementor-widget-container\">\n\t\t\t\t\t<h2 class=\"elementor-heading-title elementor-size-default\">Rekisterinumero: 14132662<\/h2>\t\t\t\t<\/div>\n\t\t\t\t<\/div>\n\t\t\t\t<\/div>\n\t\t\t\t<\/div>\n\t\t<div class=\"elementor-element elementor-element-95c19ff e-con-full e-flex e-con e-child\" data-id=\"95c19ff\" data-element_type=\"container\">\n\t\t<div class=\"elementor-element elementor-element-37dd68a e-con-full e-flex e-con e-child\" data-id=\"37dd68a\" data-element_type=\"container\">\n\t\t<div class=\"elementor-element elementor-element-53e913e e-con-full e-flex e-con e-child\" data-id=\"53e913e\" data-element_type=\"container\">\n\t\t<div class=\"elementor-element elementor-element-4a8fde5 e-con-full e-flex e-con e-child\" data-id=\"4a8fde5\" data-element_type=\"container\">\n\t\t\t\t<div class=\"elementor-element elementor-element-47d072b elementor-widget elementor-widget-heading\" data-id=\"47d072b\" data-element_type=\"widget\" data-widget_type=\"heading.default\">\n\t\t\t\t<div class=\"elementor-widget-container\">\n\t\t\t\t\t<h2 class=\"elementor-heading-title elementor-size-default\">Oliver Kolsar<\/h2>\t\t\t\t<\/div>\n\t\t\t\t<\/div>\n\t\t\t\t<div class=\"elementor-element elementor-element-09ea46c elementor-widget elementor-widget-heading\" data-id=\"09ea46c\" data-element_type=\"widget\" data-widget_type=\"heading.default\">\n\t\t\t\t<div class=\"elementor-widget-container\">\n\t\t\t\t\t<h2 class=\"elementor-heading-title elementor-size-default\"><a href=\"tel:+37258188403\">+372 5818 8403\n<\/a><\/h2>\t\t\t\t<\/div>\n\t\t\t\t<\/div>\n\t\t\t\t<div class=\"elementor-element elementor-element-bbce93e elementor-widget elementor-widget-heading\" data-id=\"bbce93e\" data-element_type=\"widget\" data-widget_type=\"heading.default\">\n\t\t\t\t<div class=\"elementor-widget-container\">\n\t\t\t\t\t<h2 class=\"elementor-heading-title elementor-size-default\">info@olikol.ee<\/h2>\t\t\t\t<\/div>\n\t\t\t\t<\/div>\n\t\t\t\t<div class=\"elementor-element elementor-element-c88c1fa elementor-widget elementor-widget-heading\" data-id=\"c88c1fa\" data-element_type=\"widget\" data-widget_type=\"heading.default\">\n\t\t\t\t<div class=\"elementor-widget-container\">\n\t\t\t\t\t<h2 class=\"elementor-heading-title elementor-size-default\">Oikeudellinen osoite:<\/h2>\t\t\t\t<\/div>\n\t\t\t\t<\/div>\n\t\t\t\t<div class=\"elementor-element elementor-element-663479c elementor-widget__width-initial elementor-widget-mobile__width-inherit elementor-widget elementor-widget-text-editor\" data-id=\"663479c\" data-element_type=\"widget\" data-widget_type=\"text-editor.default\">\n\t\t\t\t<div class=\"elementor-widget-container\">\n\t\t\t\t\t\t\t\t\t<p>Sepa tn 24b, 50113 <br \/>Tartu linn, Tartu maakond<\/p>\t\t\t\t\t\t\t\t<\/div>\n\t\t\t\t<\/div>\n\t\t\t\t<div class=\"elementor-element elementor-element-bc03922 elementor-widget elementor-widget-heading\" data-id=\"bc03922\" data-element_type=\"widget\" data-widget_type=\"heading.default\">\n\t\t\t\t<div class=\"elementor-widget-container\">\n\t\t\t\t\t<h2 class=\"elementor-heading-title elementor-size-default\">Toimisto<\/h2>\t\t\t\t<\/div>\n\t\t\t\t<\/div>\n\t\t\t\t<div class=\"elementor-element elementor-element-a8d198e elementor-widget__width-initial elementor-widget-mobile__width-inherit elementor-widget elementor-widget-text-editor\" data-id=\"a8d198e\" data-element_type=\"widget\" data-widget_type=\"text-editor.default\">\n\t\t\t\t<div class=\"elementor-widget-container\">\n\t\t\t\t\t\t\t\t\t<p><strong>ma-pe:<\/strong> 09.00 &#8211; 17.00<br>Sepa 24b, Tartu<br>Huone nro 7.<\/p>\t\t\t\t\t\t\t\t<\/div>\n\t\t\t\t<\/div>\n\t\t\t\t<\/div>\n\t\t<div class=\"elementor-element elementor-element-289bfd6 e-con-full e-flex e-con e-child\" data-id=\"289bfd6\" data-element_type=\"container\">\n\t\t\t\t<div class=\"elementor-element elementor-element-31052e4 elementor-widget-mobile_extra__width-inherit elementor-widget elementor-widget-image\" data-id=\"31052e4\" data-element_type=\"widget\" data-widget_type=\"image.default\">\n\t\t\t\t<div class=\"elementor-widget-container\">\n\t\t\t\t\t<div class=\"antra-wrapper-image-widget\" data-cursor=\"-opaque\">\t\t\t\t\t\t\t\t\t\t<img fetchpriority=\"high\" decoding=\"async\" width=\"400\" height=\"600\" src=\"https:\/\/olikol.ee\/wp-content\/uploads\/2018\/09\/ok-0006_block.jpg\" class=\"attachment-full size-full wp-image-901\" alt=\"\" srcset=\"https:\/\/olikol.ee\/wp-content\/uploads\/2018\/09\/ok-0006_block.jpg 400w, https:\/\/olikol.ee\/wp-content\/uploads\/2018\/09\/ok-0006_block-200x300.jpg 200w, https:\/\/olikol.ee\/wp-content\/uploads\/2018\/09\/ok-0006_block-97x146.jpg 97w, https:\/\/olikol.ee\/wp-content\/uploads\/2018\/09\/ok-0006_block-33x50.jpg 33w, https:\/\/olikol.ee\/wp-content\/uploads\/2018\/09\/ok-0006_block-50x75.jpg 50w\" sizes=\"(max-width: 400px) 100vw, 400px\" \/>\t\t\t\t\t\t\t\t\t\t\t<\/div>\t\t\t\t<\/div>\n\t\t\t\t<\/div>\n\t\t\t\t<\/div>\n\t\t\t\t<\/div>\n\t\t\t\t<\/div>\n\t\t<div class=\"elementor-element elementor-element-1581eb0 e-con-full e-flex e-con e-child\" data-id=\"1581eb0\" data-element_type=\"container\">\n\t\t\t\t<div class=\"elementor-element elementor-element-4d0cca3 elementor-widget elementor-widget-antra-contactform\" data-id=\"4d0cca3\" data-element_type=\"widget\" data-widget_type=\"antra-contactform.default\">\n\t\t\t\t<div class=\"elementor-widget-container\">\n\t\t\t\t\t\n<div class=\"wpcf7 no-js\" id=\"wpcf7-f7681-o1\" lang=\"fi\" dir=\"ltr\" data-wpcf7-id=\"7681\">\n<div class=\"screen-reader-response\"><p role=\"status\" aria-live=\"polite\" aria-atomic=\"true\"><\/p> <ul><\/ul><\/div>\n<form action=\"\/fi\/wp-json\/wp\/v2\/pages\/7654#wpcf7-f7681-o1\" method=\"post\" class=\"wpcf7-form init\" aria-label=\"Yhteydenottolomake\" novalidate=\"novalidate\" data-status=\"init\">\n<fieldset class=\"hidden-fields-container\"><input type=\"hidden\" name=\"_wpcf7\" value=\"7681\" \/><input type=\"hidden\" name=\"_wpcf7_version\" value=\"6.1.5\" \/><input type=\"hidden\" name=\"_wpcf7_locale\" value=\"fi\" \/><input type=\"hidden\" name=\"_wpcf7_unit_tag\" value=\"wpcf7-f7681-o1\" \/><input type=\"hidden\" name=\"_wpcf7_container_post\" value=\"0\" \/><input type=\"hidden\" name=\"_wpcf7_posted_data_hash\" value=\"\" \/>\n<\/fieldset>\n<div class=\"column one\">\n\t<p><span class=\"wpcf7-form-control-wrap\" data-name=\"your-nimesi\"><input size=\"40\" maxlength=\"400\" class=\"wpcf7-form-control wpcf7-text wpcf7-validates-as-required\" aria-required=\"true\" aria-invalid=\"false\" placeholder=\"Nimesi *\" value=\"\" type=\"text\" name=\"your-nimesi\" \/><\/span>\n\t<\/p>\n<\/div>\n<div class=\"column one\">\n\t<p><span class=\"wpcf7-form-control-wrap\" data-name=\"email\"><input size=\"40\" maxlength=\"400\" class=\"wpcf7-form-control wpcf7-email wpcf7-validates-as-required wpcf7-text wpcf7-validates-as-email\" aria-required=\"true\" aria-invalid=\"false\" placeholder=\"S\u00e4hk\u00f6postiosoitteesi *\" value=\"\" type=\"email\" name=\"email\" \/><\/span>\n\t<\/p>\n<\/div>\n<div class=\"column one\">\n\t<p><span class=\"wpcf7-form-control-wrap\" data-name=\"tel\"><input size=\"40\" maxlength=\"400\" class=\"wpcf7-form-control wpcf7-tel wpcf7-text wpcf7-validates-as-tel\" aria-invalid=\"false\" placeholder=\"Puhelinnumerosi\" value=\"\" type=\"tel\" name=\"tel\" \/><\/span>\n\t<\/p>\n<\/div>\n<div class=\"column one\">\n\t<p><span class=\"wpcf7-form-control-wrap\" data-name=\"content\"><textarea cols=\"40\" rows=\"5\" maxlength=\"2000\" class=\"wpcf7-form-control wpcf7-textarea wpcf7-validates-as-required\" aria-required=\"true\" aria-invalid=\"false\" placeholder=\"Kirjeen\/kysymysten sis\u00e4lt\u00f6...\" name=\"content\"><\/textarea><\/span>\n\t<\/p>\n<\/div>\n<div class=\"wpcf7-button has-spinner\">\n\t<p><button class=\"submit\" type=\"submit\" value=\"Submit\"><span>L\u00e4het\u00e4 pyynt\u00f6\/kysymys<\/span><i aria-hidden=\"true\" class=\"fas fa-arrow-right\"><\/i><\/button>\n\t<\/p>\n<\/div>\n<div class=\"wpcf7-response-output\" aria-hidden=\"true\"><\/div>\n<\/form>\n<\/div>\n\t\t\t\t<\/div>\n\t\t\t\t<\/div>\n\t\t\t\t<\/div>\n\t\t\t\t<\/div>\n\t\t\t\t\t<\/div>\n\t\t\t\t<\/div>\n\t\t<div class=\"elementor-element elementor-element-bb2b92c e-con-full e-flex e-con e-parent\" data-id=\"bb2b92c\" data-element_type=\"container\">\n\t\t\t\t<div class=\"elementor-element elementor-element-7039472 elementor-widget elementor-widget-google_maps\" data-id=\"7039472\" data-element_type=\"widget\" data-widget_type=\"google_maps.default\">\n\t\t\t\t<div class=\"elementor-widget-container\">\n\t\t\t\t\t\t\t<div class=\"elementor-custom-embed\">\n\t\t\t<iframe loading=\"lazy\"\n\t\t\t\t\tsrc=\"https:\/\/maps.google.com\/maps?q=Sepa%2024b%2C%20tartu&#038;t=m&#038;z=18&#038;output=embed&#038;iwloc=near\"\n\t\t\t\t\ttitle=\"Sepa 24b, tartu\"\n\t\t\t\t\taria-label=\"Sepa 24b, tartu\"\n\t\t\t><\/iframe>\n\t\t<\/div>\n\t\t\t\t\t\t<\/div>\n\t\t\t\t<\/div>\n\t\t\t\t<\/div>\n\t\t\t\t<\/div>\n\t\t","protected":false},"excerpt":{"rendered":"<p>Ota yhteytt\u00e4 Olikol O\u00dc Rekisterinumero: 14132662 Oliver Kolsar +372 5818 8403 info@olikol.ee Oikeudellinen osoite: Sepa tn 24b, 50113 Tartu linn, Tartu maakond Toimisto ma-pe: 09.00 &#8211; 17.00Sepa 24b, TartuHuone nro 7. L\u00e4het\u00e4 pyynt\u00f6\/kysymys<\/p>\n","protected":false},"author":3,"featured_media":0,"parent":0,"menu_order":0,"comment_status":"closed","ping_status":"closed","template":"","meta":{"footnotes":""},"class_list":["post-7654","page","type-page","status-publish","hentry"],"_links":{"self":[{"href":"https:\/\/olikol.ee\/fi\/wp-json\/wp\/v2\/pages\/7654","targetHints":{"allow":["GET"]}}],"collection":[{"href":"https:\/\/olikol.ee\/fi\/wp-json\/wp\/v2\/pages"}],"about":[{"href":"https:\/\/olikol.ee\/fi\/wp-json\/wp\/v2\/types\/page"}],"author":[{"embeddable":true,"href":"https:\/\/olikol.ee\/fi\/wp-json\/wp\/v2\/users\/3"}],"replies":[{"embeddable":true,"href":"https:\/\/olikol.ee\/fi\/wp-json\/wp\/v2\/comments?post=7654"}],"version-history":[{"count":5,"href":"https:\/\/olikol.ee\/fi\/wp-json\/wp\/v2\/pages\/7654\/revisions"}],"predecessor-version":[{"id":7771,"href":"https:\/\/olikol.ee\/fi\/wp-json\/wp\/v2\/pages\/7654\/revisions\/7771"}],"wp:attachment":[{"href":"https:\/\/olikol.ee\/fi\/wp-json\/wp\/v2\/media?parent=7654"}],"curies":[{"name":"wp","href":"https:\/\/api.w.org\/{rel}","templated":true}]}}